{"id":121,"date":"2018-04-26T13:01:45","date_gmt":"2018-04-26T11:01:45","guid":{"rendered":"https:\/\/www.gamagem.com\/?page_id=121"},"modified":"2018-05-31T13:19:35","modified_gmt":"2018-05-31T11:19:35","slug":"home","status":"publish","type":"page","link":"https:\/\/www.gamagem.com\/en\/","title":{"rendered":"Home"},"content":{"rendered":"<h2>Coming soon<\/h2>\n<p>We are currently developing our English version: We invite you to <a href=\"\/?lang=fr\">consult the French version of our website<\/a> meanwhile<\/p>\n<p>Thank you for your understanding.<\/p>\n","protected":false},"excerpt":{"rendered":"<p>Coming soon We are currently developing our English version: We invite you to consult the French version of our website meanwhile Thank you for your understanding.<\/p>\n","protected":false},"author":1,"featured_media":0,"parent":0,"menu_order":0,"comment_status":"closed","ping_status":"closed","template":"","meta":{"_exactmetrics_skip_tracking":false,"_exactmetrics_sitenote_active":false,"_exactmetrics_sitenote_note":"","_exactmetrics_sitenote_category":0,"footnotes":""},"class_list":["post-121","page","type-page","status-publish","hentry"],"yoast_head":"<!-- This site is optimized with the Yoast SEO plugin v27.4 - https:\/\/yoast.com\/product\/yoast-seo-wordpress\/ -->\n<title>Home - Gama Gem<\/title>\n<meta name=\"robots\" content=\"index, follow, max-snippet:-1, max-image-preview:large, max-video-preview:-1\" \/>\n<link rel=\"canonical\" href=\"https:\/\/www.gamagem.com\/en\/\" \/>\n<meta property=\"og:locale\" content=\"en_US\" \/>\n<meta property=\"og:type\" content=\"article\" \/>\n<meta property=\"og:title\" content=\"Home - Gama Gem\" \/>\n<meta property=\"og:description\" content=\"Coming soon We are currently developing our English version: We invite you to consult the French version of our website meanwhile Thank you for your understanding.\" \/>\n<meta property=\"og:url\" content=\"https:\/\/www.gamagem.com\/en\/\" \/>\n<meta property=\"og:site_name\" content=\"Gama Gem\" \/>\n<meta property=\"article:publisher\" content=\"https:\/\/www.facebook.com\/Gama-Gem-124687931724489\/\" \/>\n<meta property=\"article:modified_time\" content=\"2018-05-31T11:19:35+00:00\" \/>\n<meta name=\"twitter:card\" content=\"summary_large_image\" \/>\n<script type=\"application\/ld+json\" class=\"yoast-schema-graph\">{\"@context\":\"https:\\\/\\\/schema.org\",\"@graph\":[{\"@type\":\"WebPage\",\"@id\":\"https:\\\/\\\/www.gamagem.com\\\/en\\\/\",\"url\":\"https:\\\/\\\/www.gamagem.com\\\/en\\\/\",\"name\":\"Home - Gama Gem\",\"isPartOf\":{\"@id\":\"https:\\\/\\\/www.gamagem.com\\\/#website\"},\"datePublished\":\"2018-04-26T11:01:45+00:00\",\"dateModified\":\"2018-05-31T11:19:35+00:00\",\"breadcrumb\":{\"@id\":\"https:\\\/\\\/www.gamagem.com\\\/en\\\/#breadcrumb\"},\"inLanguage\":\"en-US\",\"potentialAction\":[{\"@type\":\"ReadAction\",\"target\":[\"https:\\\/\\\/www.gamagem.com\\\/en\\\/\"]}]},{\"@type\":\"BreadcrumbList\",\"@id\":\"https:\\\/\\\/www.gamagem.com\\\/en\\\/#breadcrumb\",\"itemListElement\":[{\"@type\":\"ListItem\",\"position\":1,\"name\":\"Accueil\",\"item\":\"https:\\\/\\\/www.gamagem.com\\\/en\\\/\"},{\"@type\":\"ListItem\",\"position\":2,\"name\":\"Home\"}]},{\"@type\":\"WebSite\",\"@id\":\"https:\\\/\\\/www.gamagem.com\\\/#website\",\"url\":\"https:\\\/\\\/www.gamagem.com\\\/\",\"name\":\"Gama Gem\",\"description\":\"N\u00e9gociant en pierres pr\u00e9cieuses &amp; Cr\u00e9ateur de bijoux\",\"publisher\":{\"@id\":\"https:\\\/\\\/www.gamagem.com\\\/#organization\"},\"potentialAction\":[{\"@type\":\"SearchAction\",\"target\":{\"@type\":\"EntryPoint\",\"urlTemplate\":\"https:\\\/\\\/www.gamagem.com\\\/?s={search_term_string}\"},\"query-input\":{\"@type\":\"PropertyValueSpecification\",\"valueRequired\":true,\"valueName\":\"search_term_string\"}}],\"inLanguage\":\"en-US\"},{\"@type\":\"Organization\",\"@id\":\"https:\\\/\\\/www.gamagem.com\\\/#organization\",\"name\":\"Gama Gem\",\"url\":\"https:\\\/\\\/www.gamagem.com\\\/\",\"logo\":{\"@type\":\"ImageObject\",\"inLanguage\":\"en-US\",\"@id\":\"https:\\\/\\\/www.gamagem.com\\\/#\\\/schema\\\/logo\\\/image\\\/\",\"url\":\"https:\\\/\\\/www.gamagem.com\\\/wp-content\\\/uploads\\\/2018\\\/04\\\/GamaGem-Logo-Slogan.png\",\"contentUrl\":\"https:\\\/\\\/www.gamagem.com\\\/wp-content\\\/uploads\\\/2018\\\/04\\\/GamaGem-Logo-Slogan.png\",\"width\":640,\"height\":231,\"caption\":\"Gama Gem\"},\"image\":{\"@id\":\"https:\\\/\\\/www.gamagem.com\\\/#\\\/schema\\\/logo\\\/image\\\/\"},\"sameAs\":[\"https:\\\/\\\/www.facebook.com\\\/Gama-Gem-124687931724489\\\/\",\"https:\\\/\\\/www.instagram.com\\\/gamagemparis\\\/\"]}]}<\/script>\n<!-- \/ Yoast SEO plugin. -->","yoast_head_json":{"title":"Home - Gama Gem","robots":{"index":"index","follow":"follow","max-snippet":"max-snippet:-1","max-image-preview":"max-image-preview:large","max-video-preview":"max-video-preview:-1"},"canonical":"https:\/\/www.gamagem.com\/en\/","og_locale":"en_US","og_type":"article","og_title":"Home - Gama Gem","og_description":"Coming soon We are currently developing our English version: We invite you to consult the French version of our website meanwhile Thank you for your understanding.","og_url":"https:\/\/www.gamagem.com\/en\/","og_site_name":"Gama Gem","article_publisher":"https:\/\/www.facebook.com\/Gama-Gem-124687931724489\/","article_modified_time":"2018-05-31T11:19:35+00:00","twitter_card":"summary_large_image","schema":{"@context":"https:\/\/schema.org","@graph":[{"@type":"WebPage","@id":"https:\/\/www.gamagem.com\/en\/","url":"https:\/\/www.gamagem.com\/en\/","name":"Home - Gama Gem","isPartOf":{"@id":"https:\/\/www.gamagem.com\/#website"},"datePublished":"2018-04-26T11:01:45+00:00","dateModified":"2018-05-31T11:19:35+00:00","breadcrumb":{"@id":"https:\/\/www.gamagem.com\/en\/#breadcrumb"},"inLanguage":"en-US","potentialAction":[{"@type":"ReadAction","target":["https:\/\/www.gamagem.com\/en\/"]}]},{"@type":"BreadcrumbList","@id":"https:\/\/www.gamagem.com\/en\/#breadcrumb","itemListElement":[{"@type":"ListItem","position":1,"name":"Accueil","item":"https:\/\/www.gamagem.com\/en\/"},{"@type":"ListItem","position":2,"name":"Home"}]},{"@type":"WebSite","@id":"https:\/\/www.gamagem.com\/#website","url":"https:\/\/www.gamagem.com\/","name":"Gama Gem","description":"N\u00e9gociant en pierres pr\u00e9cieuses &amp; Cr\u00e9ateur de bijoux","publisher":{"@id":"https:\/\/www.gamagem.com\/#organization"},"potentialAction":[{"@type":"SearchAction","target":{"@type":"EntryPoint","urlTemplate":"https:\/\/www.gamagem.com\/?s={search_term_string}"},"query-input":{"@type":"PropertyValueSpecification","valueRequired":true,"valueName":"search_term_string"}}],"inLanguage":"en-US"},{"@type":"Organization","@id":"https:\/\/www.gamagem.com\/#organization","name":"Gama Gem","url":"https:\/\/www.gamagem.com\/","logo":{"@type":"ImageObject","inLanguage":"en-US","@id":"https:\/\/www.gamagem.com\/#\/schema\/logo\/image\/","url":"https:\/\/www.gamagem.com\/wp-content\/uploads\/2018\/04\/GamaGem-Logo-Slogan.png","contentUrl":"https:\/\/www.gamagem.com\/wp-content\/uploads\/2018\/04\/GamaGem-Logo-Slogan.png","width":640,"height":231,"caption":"Gama Gem"},"image":{"@id":"https:\/\/www.gamagem.com\/#\/schema\/logo\/image\/"},"sameAs":["https:\/\/www.facebook.com\/Gama-Gem-124687931724489\/","https:\/\/www.instagram.com\/gamagemparis\/"]}]}},"acf":[],"_links":{"self":[{"href":"https:\/\/www.gamagem.com\/en\/wp-json\/wp\/v2\/pages\/121","targetHints":{"allow":["GET"]}}],"collection":[{"href":"https:\/\/www.gamagem.com\/en\/wp-json\/wp\/v2\/pages"}],"about":[{"href":"https:\/\/www.gamagem.com\/en\/wp-json\/wp\/v2\/types\/page"}],"author":[{"embeddable":true,"href":"https:\/\/www.gamagem.com\/en\/wp-json\/wp\/v2\/users\/1"}],"replies":[{"embeddable":true,"href":"https:\/\/www.gamagem.com\/en\/wp-json\/wp\/v2\/comments?post=121"}],"version-history":[{"count":0,"href":"https:\/\/www.gamagem.com\/en\/wp-json\/wp\/v2\/pages\/121\/revisions"}],"wp:attachment":[{"href":"https:\/\/www.gamagem.com\/en\/wp-json\/wp\/v2\/media?parent=121"}],"curies":[{"name":"wp","href":"https:\/\/api.w.org\/{rel}","templated":true}]}}